{"id":15,"date":"2016-06-08T15:54:18","date_gmt":"2016-06-08T13:54:18","guid":{"rendered":"http:\/\/benoitemery.ch\/moving-relocation.ch\/wpmove\/?page_id=15"},"modified":"2016-07-26T17:15:21","modified_gmt":"2016-07-26T15:15:21","slug":"emballage-deballage-paquets-cartons-londres-geneve","status":"publish","type":"page","link":"https:\/\/luismoving.ch\/en\/emballage-deballage-paquets-cartons-londres-geneve\/","title":{"rendered":"Packing and unpacking in boxes and cardboards boxes in Geneva, London or somewhere else"},"content":{"rendered":"<div class=\"wpb-content-wrapper\"><p>[vc_row bg_color=&#8221;#f7a81a&#8221; section_arrow=&#8221;false&#8221; text_color=&#8221;light&#8221; top_padding=&#8221;200&#8243; bottom_padding=&#8221;110&#8243; bg_position=&#8221;center center&#8221;][vc_column width=&#8221;1\/1&#8243;]<div class=\"headline font-special fontsize-m fontweight-700 lh-inherit align-left transform-uppercase \" style=\"margin: 0; color: rgba(255,255,255,0.6);\">PACKING &#8211; UNPACKING<\/div><h1 class=\"headline font-special fontsize-xxxxl fontweight-700 lh-12 align-left transform-uppercase \" style=\"margin: 0;\">We pack for you !<\/h1>[\/vc_column][\/vc_row][vc_row type=&#8221;full_width_section&#8221;][vc_column width=&#8221;1\/1&#8243;]<div class=\"callout clearfix\" style=\"background-color:#efefef; color:#777777;\">\n\t\t<div class=\"callout-text\">Call us 7\/7, we probably have a solution that fits your needs and budget.<\/div>\n\t\t\t<div class=\"callout-button\"><a class=\"button medium color-1\" href=\"\" target=\"_self\">0041 (0) 78 778 41 52<\/a><\/div>\n\t\t<\/div>[\/vc_column][\/vc_row][vc_row top_padding=&#8221;0&#8243; bottom_padding=&#8221;0&#8243;][vc_column width=&#8221;1\/2&#8243;]<div class=\"single_image wpb_content_element align-left  animate  \" data-animation=\"fade-in-from-left\" data-delay=\"0\"><img loading=\"lazy\" decoding=\"async\" width=\"372\" height=\"560\" src=\"https:\/\/luismoving.ch\/wpmove\/wp-content\/uploads\/2016\/06\/emballage.jpg\" class=\"attachment-full\" alt=\"Emballage d\u00e9ballage de vos affaires D\u00e9m\u00e9nagement Gen\u00e8ve Lausanne r\u00e9gion\" title=\"Emballage d\u00e9ballage de vos affaires D\u00e9m\u00e9nagement Gen\u00e8ve Lausanne r\u00e9gion\" srcset=\"https:\/\/luismoving.ch\/wpmove\/wp-content\/uploads\/2016\/06\/emballage.jpg 372w, https:\/\/luismoving.ch\/wpmove\/wp-content\/uploads\/2016\/06\/emballage-199x300.jpg 199w\" sizes=\"auto, (max-width: 372px) 100vw, 372px\" \/><\/div>[\/vc_column][vc_column width=&#8221;1\/2&#8243;]<div class=\"spacer\" style=\"height: 100px;\"><\/div><div class=\"minti_boxedholder   clearfix\" style=\"padding: 0px 0px 0px 0px; margin: 0px 0px 0px 0px; \"><h1 class=\"headline font-inherit fontsize-xl fontweight-inherit lh-inherit align-left transform-inherit \" style=\"margin: 0 0 20px 0; color: #f7a81a;\">Packing professionally<\/h1>[vc_column_text css_animation=&#8221;right-to-left&#8221;]We can take care entirely or partly of packing and unpacking your things.<\/p>\n<p>At Luis Moving, the client decides what he needs.<\/p>\n<p>With our complete range of equipment, we can provide a packing for a relocation by sea, national or local.[\/vc_column_text]<\/div>[\/vc_column][\/vc_row][vc_row bg_color=&#8221;#efefef&#8221; top_padding=&#8221;0&#8243; bottom_padding=&#8221;0&#8243;][vc_column width=&#8221;1\/2&#8243;]<div class=\"spacer\" style=\"height: 40px;\"><\/div><h1 class=\"headline font-inherit fontsize-xl fontweight-inherit lh-inherit align-left transform-inherit \" style=\"margin: 0 0 20px 0; color: #f7a81a;\">Our advantages<\/h1>[vc_column_text css_animation=&#8221;left-to-right&#8221;]There will be a precise organisation in everything we do, so that the work we make doesn\u2019t disturb you.<\/p>\n<p>If you prefer packing your things by yourself, we can provide the necessary equipment.<\/p>\n<p>&nbsp;<\/p>\n<ol>\n<li>We pick up all the packing equipment after the moving for free<\/li>\n<li>Thanks to our organisation, you will find your things right where they belong<\/li>\n<\/ol>\n<p>[\/vc_column_text][\/vc_column][vc_column width=&#8221;1\/2&#8243;]<div class=\"single_image wpb_content_element align-right  animate  \" data-animation=\"fade-in-from-right\" data-delay=\"0\"><img loading=\"lazy\" decoding=\"async\" width=\"372\" height=\"560\" src=\"https:\/\/luismoving.ch\/wpmove\/wp-content\/uploads\/2016\/06\/emballage2.jpg\" class=\"attachment-full\" alt=\"Emballage d\u00e9ballage d\u00e9m\u00e9nagement\" title=\"Emballage d\u00e9ballage d\u00e9m\u00e9nagement\" srcset=\"https:\/\/luismoving.ch\/wpmove\/wp-content\/uploads\/2016\/06\/emballage2.jpg 372w, https:\/\/luismoving.ch\/wpmove\/wp-content\/uploads\/2016\/06\/emballage2-199x300.jpg 199w\" sizes=\"auto, (max-width: 372px) 100vw, 372px\" \/><\/div>[\/vc_column][\/vc_row][vc_row top_padding=&#8221;40&#8243; bottom_padding=&#8221;40&#8243;][vc_column width=&#8221;1\/3&#8243;][\/vc_column][vc_column width=&#8221;1\/3&#8243;]<div class=\"box clearfix style-1 wpb_content_element align-center \" style=\"padding: 40px 40px 40px 40px; \">\n<h1>We have at your disposal:<\/h1>\n<ul class=\"styled-list fa-ul\">\n<li><i class=\"fa fa-caret-right\"><\/i>Boxes<\/li> <li><i class=\"fa fa-caret-right\"><\/i>Little cardboards boxes<\/li>\n<li><i class=\"fa fa-caret-right\"><\/i>Books boxes<\/li>\n<li><i class=\"fa fa-caret-right\"><\/i>Wardrobes<\/li>\n<li><i class=\"fa fa-caret-right\"><\/i>Bubble wrap<\/li>\n<li><i class=\"fa fa-caret-right\"><\/i>Wrapping paper<\/li>\n<li><i class=\"fa fa-caret-right\"><\/i>Etc.<\/li>\n<\/ul><\/div>[\/vc_column][vc_column width=&#8221;1\/3&#8243;][\/vc_column][\/vc_row]<\/p>\n<\/div>","protected":false},"excerpt":{"rendered":"<p>[vc_row bg_color=&#8221;#f7a81a&#8221; section_arrow=&#8221;false&#8221; text_color=&#8221;light&#8221; top_padding=&#8221;200&#8243; bottom_padding=&#8221;110&#8243; bg_position=&#8221;center center&#8221;][vc_column width=&#8221;1\/1&#8243;][\/vc_column][\/vc_row][vc_row type=&#8221;full_width_section&#8221;][vc_column width=&#8221;1\/1&#8243;][\/vc_column][\/vc_row][vc_row top_padding=&#8221;0&#8243; bottom_padding=&#8221;0&#8243;][vc_column width=&#8221;1\/2&#8243;][\/vc_column][vc_column width=&#8221;1\/2&#8243;][\/vc_column][\/vc_row][vc_row bg_color=&#8221;#efefef&#8221; top_padding=&#8221;0&#8243; bottom_padding=&#8221;0&#8243;][vc_column width=&#8221;1\/2&#8243;][vc_column_text css_animation=&#8221;left-to-right&#8221;]There will be a precise organisation in everything we do, so that the work we make doesn\u2019t disturb you. If you prefer packing your things by yourself, we can provide the necessary equipment. &nbsp; We pick up all the packing equipment after the moving for free Thanks to our organisation, you will find your things right where they belong [\/vc_column_text][\/vc_column][vc_column width=&#8221;1\/2&#8243;][\/vc_column][\/vc_row][vc_row top_padding=&#8221;40&#8243; bottom_padding=&#8221;40&#8243;][vc_column width=&#8221;1\/3&#8243;][\/vc_column][vc_column width=&#8221;1\/3&#8243;][\/vc_column][vc_column width=&#8221;1\/3&#8243;][\/vc_column][\/vc_row]<\/p>\n","protected":false},"author":1,"featured_media":0,"parent":0,"menu_order":0,"comment_status":"closed","ping_status":"closed","template":"","meta":{"footnotes":""},"class_list":["post-15","page","type-page","status-publish","hentry"],"_links":{"self":[{"href":"https:\/\/luismoving.ch\/en\/wp-json\/wp\/v2\/pages\/15","targetHints":{"allow":["GET"]}}],"collection":[{"href":"https:\/\/luismoving.ch\/en\/wp-json\/wp\/v2\/pages"}],"about":[{"href":"https:\/\/luismoving.ch\/en\/wp-json\/wp\/v2\/types\/page"}],"author":[{"embeddable":true,"href":"https:\/\/luismoving.ch\/en\/wp-json\/wp\/v2\/users\/1"}],"replies":[{"embeddable":true,"href":"https:\/\/luismoving.ch\/en\/wp-json\/wp\/v2\/comments?post=15"}],"version-history":[{"count":5,"href":"https:\/\/luismoving.ch\/en\/wp-json\/wp\/v2\/pages\/15\/revisions"}],"predecessor-version":[{"id":193,"href":"https:\/\/luismoving.ch\/en\/wp-json\/wp\/v2\/pages\/15\/revisions\/193"}],"wp:attachment":[{"href":"https:\/\/luismoving.ch\/en\/wp-json\/wp\/v2\/media?parent=15"}],"curies":[{"name":"wp","href":"https:\/\/api.w.org\/{rel}","templated":true}]}}