{"id":17,"date":"2016-06-08T15:55:04","date_gmt":"2016-06-08T13:55:04","guid":{"rendered":"http:\/\/benoitemery.ch\/moving-relocation.ch\/wpmove\/?page_id=17"},"modified":"2016-07-27T04:20:31","modified_gmt":"2016-07-27T02:20:31","slug":"montage-de-meubles-geneve-suisse-romande","status":"publish","type":"page","link":"https:\/\/luismoving.ch\/en\/montage-de-meubles-geneve-suisse-romande\/","title":{"rendered":"Assembling of furniture in Geneva, Nyon and Lausanne"},"content":{"rendered":"<div class=\"wpb-content-wrapper\"><p>[vc_row bg_color=&#8221;#f7a81a&#8221; section_arrow=&#8221;false&#8221; text_color=&#8221;light&#8221; top_padding=&#8221;200&#8243; bottom_padding=&#8221;110&#8243; bg_position=&#8221;center center&#8221;][vc_column width=&#8221;1\/1&#8243;]<div class=\"headline font-special fontsize-m fontweight-700 lh-inherit align-left transform-uppercase \" style=\"margin: 0; color: rgba(255,255,255,0.6);\">Assembling of furniture<\/div><h1 class=\"headline font-special fontsize-xxxxl fontweight-700 lh-12 align-left transform-uppercase \" style=\"margin: 0;\">Fast and efficient assembling of furniture by professionals!<\/h1>[\/vc_column][\/vc_row][vc_row type=&#8221;full_width_section&#8221; bg_color=&#8221;#efefef&#8221;][vc_column width=&#8221;1\/1&#8243;]<div class=\"callout clearfix\" style=\"background-color:#efefef; color:#777777;\">\n\t\t<div class=\"callout-text\">Call us 7\/7, we probably have a solution that fits your needs and budget.<\/div>\n\t\t\t<div class=\"callout-button\"><a class=\"button medium color-1\" href=\"\" target=\"_self\">0041 (0) 78 778 41 52<\/a><\/div>\n\t\t<\/div>[\/vc_column][\/vc_row][vc_row top_padding=&#8221;0&#8243; bottom_padding=&#8221;0&#8243;][vc_column width=&#8221;1\/2&#8243;]<div class=\"single_image wpb_content_element align-left  animate  \" data-animation=\"fade-in-from-left\" data-delay=\"0\"><img loading=\"lazy\" decoding=\"async\" width=\"372\" height=\"560\" src=\"https:\/\/luismoving.ch\/wpmove\/wp-content\/uploads\/2016\/06\/montage-de-meubles.jpg\" class=\"attachment-full\" alt=\"Montage meuble par des professionnels\" title=\"Montage meuble par des professionnels\" srcset=\"https:\/\/luismoving.ch\/wpmove\/wp-content\/uploads\/2016\/06\/montage-de-meubles.jpg 372w, https:\/\/luismoving.ch\/wpmove\/wp-content\/uploads\/2016\/06\/montage-de-meubles-199x300.jpg 199w\" sizes=\"auto, (max-width: 372px) 100vw, 372px\" \/><\/div>[\/vc_column][vc_column width=&#8221;1\/2&#8243;]<div class=\"spacer\" style=\"height: 180px;\"><\/div><h3 class=\"headline font-inherit fontsize-l fontweight-inherit lh-inherit align-center transform-inherit \" style=\"margin: 0 0 20px 0; color: #777777;\">As movers, we have the experience of assembling and disassembling IKEA, Conforama, Pfister and others brand&#8217;s furniture<\/h3>[\/vc_column][\/vc_row][vc_row bg_color=&#8221;#efefef&#8221; top_padding=&#8221;0&#8243; bottom_padding=&#8221;0&#8243;][vc_column width=&#8221;1\/2&#8243;]<div class=\"spacer\" style=\"height: 220px;\"><\/div><h3 class=\"headline font-inherit fontsize-l fontweight-inherit lh-inherit align-center transform-inherit \" style=\"margin: 0 0 20px 0; color: #777777;\">If you receive furniture from abroad, we can also take care of assembling it for you at your place<\/h3>[\/vc_column][vc_column width=&#8221;1\/2&#8243;]<div class=\"single_image wpb_content_element align-right  animate  \" data-animation=\"fade-in-from-right\" data-delay=\"0\"><img loading=\"lazy\" decoding=\"async\" width=\"372\" height=\"560\" src=\"https:\/\/luismoving.ch\/wpmove\/wp-content\/uploads\/2016\/06\/montage-de-meubles2.jpg\" class=\"attachment-full\" alt=\"Pas envie de monter vos meubles IKEA, nous nous en chargeons\" title=\"Pas envie de monter vos meubles IKEA, nous nous en chargeons\" srcset=\"https:\/\/luismoving.ch\/wpmove\/wp-content\/uploads\/2016\/06\/montage-de-meubles2.jpg 372w, https:\/\/luismoving.ch\/wpmove\/wp-content\/uploads\/2016\/06\/montage-de-meubles2-199x300.jpg 199w\" sizes=\"auto, (max-width: 372px) 100vw, 372px\" \/><\/div>[\/vc_column][\/vc_row][vc_row top_padding=&#8221;0&#8243; bottom_padding=&#8221;0&#8243;][vc_column width=&#8221;1\/2&#8243;]<div class=\"single_image wpb_content_element align-left  animate  \" data-animation=\"fade-in-from-left\" data-delay=\"0\"><img loading=\"lazy\" decoding=\"async\" width=\"372\" height=\"560\" src=\"https:\/\/luismoving.ch\/wpmove\/wp-content\/uploads\/2016\/06\/montage-de-meubles3.jpg\" class=\"attachment-full\" alt=\"Monter un meuble sans vous emb\u00eater gr\u00e2ce \u00e0 nous\" title=\"Monter un meuble sans vous emb\u00eater gr\u00e2ce \u00e0 nous\" srcset=\"https:\/\/luismoving.ch\/wpmove\/wp-content\/uploads\/2016\/06\/montage-de-meubles3.jpg 372w, https:\/\/luismoving.ch\/wpmove\/wp-content\/uploads\/2016\/06\/montage-de-meubles3-199x300.jpg 199w\" sizes=\"auto, (max-width: 372px) 100vw, 372px\" \/><\/div>[\/vc_column][vc_column width=&#8221;1\/2&#8243;]<div class=\"spacer\" style=\"height: 220px;\"><\/div><div class=\"minti_boxedholder   clearfix\" style=\"padding: 0px 0px 0px 0px; margin: 0px 0px 0px 0px; border-radius: 5; border-width: 1; \"><h3 class=\"headline font-inherit fontsize-l fontweight-inherit lh-inherit align-center transform-inherit \" style=\"margin: 0 0 20px 0; color: #777777;\">We can also take care of moving your furniture inside a house<\/h3><\/div>[\/vc_column][\/vc_row]<\/p>\n<\/div>","protected":false},"excerpt":{"rendered":"<p>[vc_row bg_color=&#8221;#f7a81a&#8221; section_arrow=&#8221;false&#8221; text_color=&#8221;light&#8221; top_padding=&#8221;200&#8243; bottom_padding=&#8221;110&#8243; bg_position=&#8221;center center&#8221;][vc_column width=&#8221;1\/1&#8243;][\/vc_column][\/vc_row][vc_row type=&#8221;full_width_section&#8221; bg_color=&#8221;#efefef&#8221;][vc_column width=&#8221;1\/1&#8243;][\/vc_column][\/vc_row][vc_row top_padding=&#8221;0&#8243; bottom_padding=&#8221;0&#8243;][vc_column width=&#8221;1\/2&#8243;][\/vc_column][vc_column width=&#8221;1\/2&#8243;][\/vc_column][\/vc_row][vc_row bg_color=&#8221;#efefef&#8221; top_padding=&#8221;0&#8243; bottom_padding=&#8221;0&#8243;][vc_column width=&#8221;1\/2&#8243;][\/vc_column][vc_column width=&#8221;1\/2&#8243;][\/vc_column][\/vc_row][vc_row top_padding=&#8221;0&#8243; bottom_padding=&#8221;0&#8243;][vc_column width=&#8221;1\/2&#8243;][\/vc_column][vc_column width=&#8221;1\/2&#8243;][\/vc_column][\/vc_row]<\/p>\n","protected":false},"author":1,"featured_media":0,"parent":0,"menu_order":0,"comment_status":"closed","ping_status":"closed","template":"","meta":{"footnotes":""},"class_list":["post-17","page","type-page","status-publish","hentry"],"_links":{"self":[{"href":"https:\/\/luismoving.ch\/en\/wp-json\/wp\/v2\/pages\/17","targetHints":{"allow":["GET"]}}],"collection":[{"href":"https:\/\/luismoving.ch\/en\/wp-json\/wp\/v2\/pages"}],"about":[{"href":"https:\/\/luismoving.ch\/en\/wp-json\/wp\/v2\/types\/page"}],"author":[{"embeddable":true,"href":"https:\/\/luismoving.ch\/en\/wp-json\/wp\/v2\/users\/1"}],"replies":[{"embeddable":true,"href":"https:\/\/luismoving.ch\/en\/wp-json\/wp\/v2\/comments?post=17"}],"version-history":[{"count":7,"href":"https:\/\/luismoving.ch\/en\/wp-json\/wp\/v2\/pages\/17\/revisions"}],"predecessor-version":[{"id":197,"href":"https:\/\/luismoving.ch\/en\/wp-json\/wp\/v2\/pages\/17\/revisions\/197"}],"wp:attachment":[{"href":"https:\/\/luismoving.ch\/en\/wp-json\/wp\/v2\/media?parent=17"}],"curies":[{"name":"wp","href":"https:\/\/api.w.org\/{rel}","templated":true}]}}