{"id":15,"date":"2016-06-08T15:54:18","date_gmt":"2016-06-08T13:54:18","guid":{"rendered":"http:\/\/benoitemery.ch\/moving-relocation.ch\/wpmove\/?page_id=15"},"modified":"2016-07-26T17:15:21","modified_gmt":"2016-07-26T15:15:21","slug":"emballage-deballage-paquets-cartons-londres-geneve","status":"publish","type":"page","link":"https:\/\/luismoving.ch\/es\/emballage-deballage-paquets-cartons-londres-geneve\/","title":{"rendered":"Embalaje y desembalaje en paquetes o cartones en Ginebra, Londres o cualquier otro lugar"},"content":{"rendered":"<div class=\"wpb-content-wrapper\"><p>[vc_row bg_color=\u00bb#f7a81a\u00bb section_arrow=\u00bbfalse\u00bb text_color=\u00bblight\u00bb top_padding=\u00bb200&#8243; bottom_padding=\u00bb110&#8243; bg_position=\u00bbcenter center\u00bb][vc_column width=\u00bb1\/1&#8243;]<div class=\"headline font-special fontsize-m fontweight-700 lh-inherit align-left transform-uppercase \" style=\"margin: 0; color: rgba(255,255,255,0.6);\">EMBALAJE &#8211; DESEMBALAJE<\/div><h1 class=\"headline font-special fontsize-xxxxl fontweight-700 lh-12 align-left transform-uppercase \" style=\"margin: 0;\">\u00a1Embalamos para usted!<\/h1>[\/vc_column][\/vc_row][vc_row type=\u00bbfull_width_section\u00bb][vc_column width=\u00bb1\/1&#8243;]<div class=\"callout clearfix\" style=\"background-color:#efefef; color:#777777;\">\n\t\t<div class=\"callout-text\">Ll\u00e0memos 7\/7 y tenemos una soluci\u00f3n adecuada a sus necesidades<\/div>\n\t\t\t<div class=\"callout-button\"><a class=\"button medium color-1\" href=\"\" target=\"_self\">0041 (0) 78 778 41 52<\/a><\/div>\n\t\t<\/div>[\/vc_column][\/vc_row][vc_row top_padding=\u00bb0&#8243; bottom_padding=\u00bb0&#8243;][vc_column width=\u00bb1\/2&#8243;]<div class=\"single_image wpb_content_element align-left  animate  \" data-animation=\"fade-in-from-left\" data-delay=\"0\"><img loading=\"lazy\" decoding=\"async\" width=\"372\" height=\"560\" src=\"https:\/\/luismoving.ch\/wpmove\/wp-content\/uploads\/2016\/06\/emballage.jpg\" class=\"attachment-full\" alt=\"Emballage d\u00e9ballage de vos affaires D\u00e9m\u00e9nagement Gen\u00e8ve Lausanne r\u00e9gion\" title=\"Emballage d\u00e9ballage de vos affaires D\u00e9m\u00e9nagement Gen\u00e8ve Lausanne r\u00e9gion\" srcset=\"https:\/\/luismoving.ch\/wpmove\/wp-content\/uploads\/2016\/06\/emballage.jpg 372w, https:\/\/luismoving.ch\/wpmove\/wp-content\/uploads\/2016\/06\/emballage-199x300.jpg 199w\" sizes=\"auto, (max-width: 372px) 100vw, 372px\" \/><\/div>[\/vc_column][vc_column width=\u00bb1\/2&#8243;]<div class=\"spacer\" style=\"height: 100px;\"><\/div><div class=\"minti_boxedholder   clearfix\" style=\"padding: 0px 0px 0px 0px; margin: 0px 0px 0px 0px; \"><h1 class=\"headline font-inherit fontsize-xl fontweight-inherit lh-inherit align-left transform-inherit \" style=\"margin: 0 0 20px 0; color: #f7a81a;\">Embalaje profesional<\/h1>[vc_column_text css_animation=\u00bbright-to-left\u00bb]Disponemos de una gama completa de material de embalaje mari\u0301timo, nacional o local.<br \/>\nNosotros nos podemos ocupar bien del embalaje completo y desembalaje de la casa o una parte del trabajo.<\/p>\n<p>El cliente decidira\u0301 que trabajo necesita.[\/vc_column_text]<\/div>[\/vc_column][\/vc_row][vc_row bg_color=\u00bb#efefef\u00bb top_padding=\u00bb0&#8243; bottom_padding=\u00bb0&#8243;][vc_column width=\u00bb1\/2&#8243;]<div class=\"spacer\" style=\"height: 40px;\"><\/div><h1 class=\"headline font-inherit fontsize-xl fontweight-inherit lh-inherit align-left transform-inherit \" style=\"margin: 0 0 20px 0; color: #f7a81a;\">Nuestras ventajas<\/h1>[vc_column_text css_animation=\u00bbleft-to-right\u00bb]Nuestra organizacio\u0301n precisa hace que el trabajo sea realizado sin molestar al cliente.<br \/>\nSi usted prefiere realizar el embalaje nosotros tambie\u0301n podemos proporcionar el material, si es necesario.<\/p>\n<ol>\n<li>Servicio gratuito de recogida de material de embalaje luego de la mudanza<\/li>\n<li>Gracias a nuestra organizacio\u0301n usted encontrara sus pertenencias en el lugar que corresponde<\/li>\n<\/ol>\n<p>[\/vc_column_text][\/vc_column][vc_column width=\u00bb1\/2&#8243;]<div class=\"single_image wpb_content_element align-right  animate  \" data-animation=\"fade-in-from-right\" data-delay=\"0\"><img loading=\"lazy\" decoding=\"async\" width=\"372\" height=\"560\" src=\"https:\/\/luismoving.ch\/wpmove\/wp-content\/uploads\/2016\/06\/emballage2.jpg\" class=\"attachment-full\" alt=\"Emballage d\u00e9ballage d\u00e9m\u00e9nagement\" title=\"Emballage d\u00e9ballage d\u00e9m\u00e9nagement\" srcset=\"https:\/\/luismoving.ch\/wpmove\/wp-content\/uploads\/2016\/06\/emballage2.jpg 372w, https:\/\/luismoving.ch\/wpmove\/wp-content\/uploads\/2016\/06\/emballage2-199x300.jpg 199w\" sizes=\"auto, (max-width: 372px) 100vw, 372px\" \/><\/div>[\/vc_column][\/vc_row][vc_row top_padding=\u00bb40&#8243; bottom_padding=\u00bb40&#8243;][vc_column width=\u00bb1\/3&#8243;][\/vc_column][vc_column width=\u00bb1\/3&#8243;]<div class=\"box clearfix style-1 wpb_content_element align-center \" style=\"padding: 40px 40px 40px 40px; \">\n<h1>Disponemos de :<\/h1>\n<ul class=\"styled-list fa-ul\">\n<li><i class=\"fa fa-caret-right\"><\/i>Cartones est\u00e1ndares<\/li> <li><i class=\"fa fa-caret-right\"><\/i>Peque\u00f1os cartones<\/li>\n<li><i class=\"fa fa-caret-right\"><\/i>Cartones para libros<\/li>\n<li><i class=\"fa fa-caret-right\"><\/i>Armarios<\/li>\n<li><i class=\"fa fa-caret-right\"><\/i>Pl\u00e1stico de burbuja<\/li>\n<li><i class=\"fa fa-caret-right\"><\/i>Papel de embalaje<\/li>\n<li><i class=\"fa fa-caret-right\"><\/i>Etc.<\/li>\n<\/ul><\/div>[\/vc_column][vc_column width=\u00bb1\/3&#8243;][\/vc_column][\/vc_row]<\/p>\n<\/div>","protected":false},"excerpt":{"rendered":"<p>[vc_row bg_color=\u00bb#f7a81a\u00bb section_arrow=\u00bbfalse\u00bb text_color=\u00bblight\u00bb top_padding=\u00bb200&#8243; bottom_padding=\u00bb110&#8243; bg_position=\u00bbcenter center\u00bb][vc_column width=\u00bb1\/1&#8243;][\/vc_column][\/vc_row][vc_row type=\u00bbfull_width_section\u00bb][vc_column width=\u00bb1\/1&#8243;][\/vc_column][\/vc_row][vc_row top_padding=\u00bb0&#8243; bottom_padding=\u00bb0&#8243;][vc_column width=\u00bb1\/2&#8243;][\/vc_column][vc_column width=\u00bb1\/2&#8243;][\/vc_column][\/vc_row][vc_row bg_color=\u00bb#efefef\u00bb top_padding=\u00bb0&#8243; bottom_padding=\u00bb0&#8243;][vc_column width=\u00bb1\/2&#8243;][vc_column_text css_animation=\u00bbleft-to-right\u00bb]Nuestra organizacio\u0301n precisa hace que el trabajo sea realizado sin molestar al cliente. Si usted prefiere realizar el embalaje nosotros tambie\u0301n podemos proporcionar el material, si es necesario. Servicio gratuito de recogida de material de embalaje luego de la mudanza Gracias a nuestra organizacio\u0301n usted encontrara sus pertenencias en el lugar que corresponde [\/vc_column_text][\/vc_column][vc_column width=\u00bb1\/2&#8243;][\/vc_column][\/vc_row][vc_row top_padding=\u00bb40&#8243; bottom_padding=\u00bb40&#8243;][vc_column width=\u00bb1\/3&#8243;][\/vc_column][vc_column width=\u00bb1\/3&#8243;][\/vc_column][vc_column width=\u00bb1\/3&#8243;][\/vc_column][\/vc_row]<\/p>\n","protected":false},"author":1,"featured_media":0,"parent":0,"menu_order":0,"comment_status":"closed","ping_status":"closed","template":"","meta":{"footnotes":""},"class_list":["post-15","page","type-page","status-publish","hentry"],"_links":{"self":[{"href":"https:\/\/luismoving.ch\/es\/wp-json\/wp\/v2\/pages\/15","targetHints":{"allow":["GET"]}}],"collection":[{"href":"https:\/\/luismoving.ch\/es\/wp-json\/wp\/v2\/pages"}],"about":[{"href":"https:\/\/luismoving.ch\/es\/wp-json\/wp\/v2\/types\/page"}],"author":[{"embeddable":true,"href":"https:\/\/luismoving.ch\/es\/wp-json\/wp\/v2\/users\/1"}],"replies":[{"embeddable":true,"href":"https:\/\/luismoving.ch\/es\/wp-json\/wp\/v2\/comments?post=15"}],"version-history":[{"count":3,"href":"https:\/\/luismoving.ch\/es\/wp-json\/wp\/v2\/pages\/15\/revisions"}],"predecessor-version":[{"id":193,"href":"https:\/\/luismoving.ch\/es\/wp-json\/wp\/v2\/pages\/15\/revisions\/193"}],"wp:attachment":[{"href":"https:\/\/luismoving.ch\/es\/wp-json\/wp\/v2\/media?parent=15"}],"curies":[{"name":"wp","href":"https:\/\/api.w.org\/{rel}","templated":true}]}}