{"id":19,"date":"2016-06-08T15:55:38","date_gmt":"2016-06-08T13:55:38","guid":{"rendered":"http:\/\/benoitemery.ch\/moving-relocation.ch\/wpmove\/?page_id=19"},"modified":"2018-06-05T23:44:08","modified_gmt":"2018-06-05T21:44:08","slug":"pick-up-de-meubles-ikea-pfister-conforama","status":"publish","type":"page","link":"https:\/\/luismoving.ch\/es\/pick-up-de-meubles-ikea-pfister-conforama\/","title":{"rendered":"Transporte de muebles de Ikea, Pfister o Conforama"},"content":{"rendered":"<div class=\"wpb-content-wrapper\"><p>[vc_row bg_color=\u00bb#f7a81a\u00bb section_arrow=\u00bbfalse\u00bb text_color=\u00bblight\u00bb top_padding=\u00bb200&#8243; bottom_padding=\u00bb110&#8243; bg_position=\u00bbcenter center\u00bb][vc_column width=\u00bb1\/1&#8243;]<div class=\"headline font-special fontsize-m fontweight-700 lh-inherit align-left transform-uppercase \" style=\"margin: 0; color: rgba(255,255,255,0.6);\">Transporte de muebles<\/div><h1 class=\"headline font-special fontsize-xxl fontweight-700 lh-12 align-left transform-uppercase \" style=\"margin: 0;\">Deje a los profesionales encargarse de eso para usted.<\/h1>[\/vc_column][\/vc_row][vc_row top_padding=\u00bb0&#8243; bottom_padding=\u00bb0&#8243;][vc_column width=\u00bb2\/3&#8243;]<div class=\"spacer\" style=\"height: 140px;\"><\/div><h1 class=\"headline font-inherit fontsize-l fontweight-inherit lh-inherit align-left transform-inherit \" style=\"margin: 0 0 20px 0; color: #f7a81a;\">Levantamiento de sus muebles<\/h1>[vc_column_text css_animation=\u00bbleft-to-right\u00bb]Le ofrecemos tambi\u00e9n nuestro servicio de transporte de muebles.<br \/>\nLuis moving es la soluci\u00f3n perfecta tambi\u00e9n para los peque\u00f1os transportes, entrega y recogida de muebles y otros.<\/p>\n<p>Posibilidad de organizar su transporte el mismo d\u00eda. Precios razonables.[\/vc_column_text][\/vc_column][vc_column type=\u00bbfull_width_section\u00bb bg_repeat=\u00bbstretch\u00bb parallax_bg=\u00bb\u00bb stellar_class=\u00bbdefault\u00bb section_arrow=\u00bb\u00bb video_bg=\u00bb\u00bb enable_video_color_overlay=\u00bb\u00bb video_overlay_color=\u00bb\u00bb video_webm=\u00bb\u00bb video_mp4=\u00bb\u00bb video_ogv=\u00bb\u00bb video_image=\u00bb\u00bb top_padding=\u00bb\u00bb bottom_padding=\u00bb\u00bb full_height=\u00bb\u00bb content_placement=\u00bbmiddle\u00bb class=\u00bb\u00bb row_id=\u00bb\u00bb width=\u00bb1\/3&#8243;]<div class=\"single_image wpb_content_element align-center  animate  \" data-animation=\"fade-in-from-right\" data-delay=\"0\"><img loading=\"lazy\" decoding=\"async\" width=\"225\" height=\"300\" src=\"https:\/\/luismoving.ch\/wpmove\/wp-content\/uploads\/2016\/10\/20160817_165731-225x300.jpg\" class=\"attachment-medium\" alt=\"\" title=\"20160817_165731\" srcset=\"https:\/\/luismoving.ch\/wpmove\/wp-content\/uploads\/2016\/10\/20160817_165731-225x300.jpg 225w, https:\/\/luismoving.ch\/wpmove\/wp-content\/uploads\/2016\/10\/20160817_165731-768x1024.jpg 768w\" sizes=\"auto, (max-width: 225px) 100vw, 225px\" \/><\/div>[\/vc_column][\/vc_row][vc_row type=\u00bbfull_width_section\u00bb][vc_column width=\u00bb1\/1&#8243;]<div class=\"callout clearfix\" style=\"background-color:#f7a81a; color:#ffffff;\">\n\t\t<div class=\"callout-text\">Ll\u00e0memos 7\/7 y tenemos una soluci\u00f3n adecuada a sus necesidades<\/div>\n\t\t\t<div class=\"callout-button\"><a class=\"button medium color-1\" href=\"\" target=\"_self\">0041 (0) 78 778 41 52<\/a><\/div>\n\t\t<\/div>[\/vc_column][\/vc_row][vc_row top_padding=\u00bb0&#8243; bottom_padding=\u00bb0&#8243;][vc_column width=\u00bb1\/3&#8243;]<div class=\"single_image wpb_content_element align-center  animate  \" data-animation=\"fade-in-from-left\" data-delay=\"0\"><img decoding=\"async\" class=\"\" src=\"https:\/\/luismoving.ch\/wpmove\/wp-content\/uploads\/2016\/10\/20160910_025520-280x280.jpg\" width=\"280\" height=\"280\" alt=\"20160910_025520\" title=\"20160910_025520\" loading=\"lazy\" \/><\/div>[\/vc_column][vc_column type=\u00bbfull_width_section\u00bb bg_repeat=\u00bbstretch\u00bb parallax_bg=\u00bb\u00bb stellar_class=\u00bbdefault\u00bb section_arrow=\u00bb\u00bb video_bg=\u00bb\u00bb enable_video_color_overlay=\u00bb\u00bb video_overlay_color=\u00bb\u00bb video_webm=\u00bb\u00bb video_mp4=\u00bb\u00bb video_ogv=\u00bb\u00bb video_image=\u00bb\u00bb top_padding=\u00bb\u00bb bottom_padding=\u00bb\u00bb full_height=\u00bb\u00bb content_placement=\u00bbmiddle\u00bb class=\u00bb\u00bb row_id=\u00bb\u00bb width=\u00bb1\/3&#8243;]<div class=\"spacer\" style=\"height: 40px;\"><\/div><h1 class=\"headline font-inherit fontsize-l fontweight-inherit lh-inherit align-center transform-inherit \" style=\"margin: 0 0 20px 0; color: #f7a81a;\">Nuestras ventajas<\/h1>[vc_column_text css_animation=\u00bbappear\u00bb]<\/p>\n<ol>\n<li>Camiones de diferentes tama\u00f1os, para diferentes transportes<\/li>\n<li>Servicio de desmontaje\/montaje de muebles<\/li>\n<li>Recogida y entrega de todo tipo de art\u00edculos<\/li>\n<li>Camiones bien equipados<\/li>\n<li>Servicio de guarda muebles en Ginebra<\/li>\n<\/ol>\n<p>[\/vc_column_text][\/vc_column][vc_column width=\u00bb1\/3&#8243;]<div class=\"single_image wpb_content_element align-center  animate  \" data-animation=\"fade-in-from-right\" data-delay=\"0\"><img loading=\"lazy\" decoding=\"async\" width=\"199\" height=\"300\" src=\"https:\/\/luismoving.ch\/wpmove\/wp-content\/uploads\/2016\/06\/stockage-rangement-geneve-199x300.jpg\" class=\"attachment-medium\" alt=\"Stockage rangement Gen\u00e8ve\" title=\"Stockage rangement Gen\u00e8ve\" srcset=\"https:\/\/luismoving.ch\/wpmove\/wp-content\/uploads\/2016\/06\/stockage-rangement-geneve-199x300.jpg 199w, https:\/\/luismoving.ch\/wpmove\/wp-content\/uploads\/2016\/06\/stockage-rangement-geneve.jpg 372w\" sizes=\"auto, (max-width: 199px) 100vw, 199px\" \/><\/div>[\/vc_column][\/vc_row]<\/p>\n<\/div>","protected":false},"excerpt":{"rendered":"<p>[vc_row bg_color=\u00bb#f7a81a\u00bb section_arrow=\u00bbfalse\u00bb text_color=\u00bblight\u00bb top_padding=\u00bb200&#8243; bottom_padding=\u00bb110&#8243; bg_position=\u00bbcenter center\u00bb][vc_column width=\u00bb1\/1&#8243;][\/vc_column][\/vc_row][vc_row top_padding=\u00bb0&#8243; bottom_padding=\u00bb0&#8243;][vc_column width=\u00bb2\/3&#8243;][vc_column_text css_animation=\u00bbleft-to-right\u00bb]Le ofrecemos tambi\u00e9n nuestro servicio de transporte de muebles. Luis moving es la soluci\u00f3n perfecta tambi\u00e9n para los peque\u00f1os transportes, entrega y recogida de muebles y otros. Posibilidad de organizar su transporte el mismo d\u00eda. Precios razonables.[\/vc_column_text][\/vc_column][vc_column type=\u00bbfull_width_section\u00bb bg_repeat=\u00bbstretch\u00bb parallax_bg=\u00bb\u00bb stellar_class=\u00bbdefault\u00bb section_arrow=\u00bb\u00bb video_bg=\u00bb\u00bb enable_video_color_overlay=\u00bb\u00bb video_overlay_color=\u00bb\u00bb video_webm=\u00bb\u00bb video_mp4=\u00bb\u00bb video_ogv=\u00bb\u00bb video_image=\u00bb\u00bb top_padding=\u00bb\u00bb bottom_padding=\u00bb\u00bb full_height=\u00bb\u00bb content_placement=\u00bbmiddle\u00bb class=\u00bb\u00bb row_id=\u00bb\u00bb width=\u00bb1\/3&#8243;][\/vc_column][\/vc_row][vc_row type=\u00bbfull_width_section\u00bb][vc_column width=\u00bb1\/1&#8243;][\/vc_column][\/vc_row][vc_row top_padding=\u00bb0&#8243; bottom_padding=\u00bb0&#8243;][vc_column width=\u00bb1\/3&#8243;][\/vc_column][vc_column type=\u00bbfull_width_section\u00bb bg_repeat=\u00bbstretch\u00bb parallax_bg=\u00bb\u00bb stellar_class=\u00bbdefault\u00bb section_arrow=\u00bb\u00bb video_bg=\u00bb\u00bb enable_video_color_overlay=\u00bb\u00bb video_overlay_color=\u00bb\u00bb video_webm=\u00bb\u00bb video_mp4=\u00bb\u00bb video_ogv=\u00bb\u00bb video_image=\u00bb\u00bb top_padding=\u00bb\u00bb bottom_padding=\u00bb\u00bb full_height=\u00bb\u00bb content_placement=\u00bbmiddle\u00bb class=\u00bb\u00bb row_id=\u00bb\u00bb width=\u00bb1\/3&#8243;][vc_column_text css_animation=\u00bbappear\u00bb] Camiones de diferentes tama\u00f1os, para diferentes transportes Servicio de desmontaje\/montaje de muebles Recogida y entrega de todo tipo de art\u00edculos Camiones bien equipados Servicio de guarda muebles en Ginebra [\/vc_column_text][\/vc_column][vc_column width=\u00bb1\/3&#8243;][\/vc_column][\/vc_row]<\/p>\n","protected":false},"author":1,"featured_media":0,"parent":0,"menu_order":0,"comment_status":"closed","ping_status":"closed","template":"","meta":{"footnotes":""},"class_list":["post-19","page","type-page","status-publish","hentry"],"_links":{"self":[{"href":"https:\/\/luismoving.ch\/es\/wp-json\/wp\/v2\/pages\/19","targetHints":{"allow":["GET"]}}],"collection":[{"href":"https:\/\/luismoving.ch\/es\/wp-json\/wp\/v2\/pages"}],"about":[{"href":"https:\/\/luismoving.ch\/es\/wp-json\/wp\/v2\/types\/page"}],"author":[{"embeddable":true,"href":"https:\/\/luismoving.ch\/es\/wp-json\/wp\/v2\/users\/1"}],"replies":[{"embeddable":true,"href":"https:\/\/luismoving.ch\/es\/wp-json\/wp\/v2\/comments?post=19"}],"version-history":[{"count":14,"href":"https:\/\/luismoving.ch\/es\/wp-json\/wp\/v2\/pages\/19\/revisions"}],"predecessor-version":[{"id":283,"href":"https:\/\/luismoving.ch\/es\/wp-json\/wp\/v2\/pages\/19\/revisions\/283"}],"wp:attachment":[{"href":"https:\/\/luismoving.ch\/es\/wp-json\/wp\/v2\/media?parent=19"}],"curies":[{"name":"wp","href":"https:\/\/api.w.org\/{rel}","templated":true}]}}