{"id":9,"date":"2016-06-08T15:51:11","date_gmt":"2016-06-08T13:51:11","guid":{"rendered":"http:\/\/benoitemery.ch\/moving-relocation.ch\/wpmove\/?page_id=9"},"modified":"2018-06-05T23:32:36","modified_gmt":"2018-06-05T21:32:36","slug":"accueil","status":"publish","type":"page","link":"https:\/\/luismoving.ch\/es\/","title":{"rendered":"Inicio"},"content":{"rendered":"<div class=\"wpb-content-wrapper\"><p>[vc_row type=\u00bbfull_width_section\u00bb][vc_column width=\u00bb1\/1&#8243;][rev_slider_vc alias=\u00bbhome\u00bb][\/vc_column][\/vc_row][vc_row top_padding=\u00bb100&#8243; bottom_padding=\u00bb60&#8243; bg_position=\u00bbleft top\u00bb][vc_column width=\u00bb1\/1&#8243;]<h1 class=\"headline font-special fontsize-xxl fontweight-inherit lh-inherit align-center transform-uppercase \" style=\"margin: 0 0 20px 0;\">Bienvenido a la web de \u00a0<strong>Luis Moving.<\/strong> Mudanzas y transportes<\/h1><div class=\"headline font-inherit fontsize-m fontweight-inherit lh-inherit align-center transform-inherit \" style=\"margin: 0; color: #999999;\">Las mudanzas es nuestro asunto.<br \/>\nRespuesta r\u00e1pida, cuidado de sus cosas, muy buena relaci\u00f3n, calidad y precio.<br \/>\nCon nosotros es la satisfacci\u00f3n garantizada. Nuestras 5 estrellas sobre Glocals.com son la prueba.<\/div>[\/vc_column][\/vc_row][vc_row type=\u00bbfull_width_section\u00bb][vc_column width=\u00bb1\/1&#8243;]<div class=\"callout clearfix\" style=\"background-color:#f7a81a; color:#ffffff;\">\n\t\t<div class=\"callout-text\">Rellene el formulario y reciba una respuesta hoy mismo<\/div>\n\t\t\t<div class=\"callout-button\"><a class=\"button medium orange\" href=\"http:\/\/luismoving.ch\/es\/devis-demenagement-gratuit-suisse-romande\/\" target=\"_self\">Presupuesto gratuito<\/a><\/div>\n\t\t<\/div>[\/vc_column][\/vc_row][vc_row top_padding=\u00bb100&#8243; bottom_padding=\u00bb100&#8243; bg_position=\u00bbleft top\u00bb][vc_column width=\u00bb1\/4&#8243;]<div onclick=\"location.href='http:\/\/luismoving.ch\/es\/demenagement-pas-cher-geneve-vaud-europe\/';\" style=\"cursor:pointer;\"><div class=\"iconbox  wpb_content_element iconbox-style-3 icon-color-accent color-dark\"><i class=\"fa fa-truck boxicon\" style=\"\"><\/i><h3>Mudanza de casas y apartamentos<\/h3><p>\n<p style=\"text-align: left;\">Nuestra experiencia de muchos anos de trabajo a hecho que logremos que nuestros clientes sientan que el cambio de casa ya no es un problema, sino un buen recuerdo.<\/p>\n<p style=\"text-align: left;\"><a href=\"http:\/\/luismoving.ch\/es\/demenagement-pas-cher-geneve-vaud-europe\/\" target=\"_self\" class=\"button color-9 small \" style=\"border-radius: 2px;\"><i class='fa fa-caret-right'><\/i>Descubrir<\/a>\n<\/p><\/div><\/div>[\/vc_column][vc_column width=\u00bb1\/4&#8243;]<div onclick=\"location.href='http:\/\/luismoving.ch\/es\/emballage-deballage-paquets-cartons-londres-geneve\/';\" style=\"cursor:pointer;\"><div class=\"iconbox  wpb_content_element iconbox-style-3 icon-color-accent color-dark\"><i class=\"fa fa-cube boxicon\" style=\"\"><\/i><h3>Embalaje y desembalaje<\/h3><p>\n<p style=\"text-align: left;\">Disponemos de una gama completa de material de embalaje mar\u00edtimo, nacional o local.<br \/>\nEl cliente decidir\u00e1 que trabajo necesita.<\/p>\n<p style=\"text-align: left;\"><a href=\"http:\/\/luismoving.ch\/es\/emballage-deballage-paquets-cartons-londres-geneve\/\" target=\"_self\" class=\"button color-9 small \" style=\"border-radius: 2px;\"><i class='fa fa-caret-right'><\/i>Descubrir<\/a>\n<\/p><\/div><\/div>[\/vc_column][vc_column width=\u00bb1\/4&#8243;]<div onclick=\"location.href='http:\/\/luismoving.ch\/es\/pick-up-de-meubles-ikea-pfister-conforama\/';\" style=\"cursor:pointer;\"><div class=\"iconbox  wpb_content_element iconbox-style-3 icon-color-accent color-dark\"><i class=\"fa fa-shopping-cart boxicon\" style=\"\"><\/i><h3>Transporte de muebles<\/h3><p>\n<p style=\"text-align: left;\">Le ofrecemos tambi\u00e9n nuestro servicio de transporte de muebles.\u00a0Luis moving es la soluci\u00f3n perfecta tambi\u00e9n para los peque\u00f1os transportes, entrega y recogida de muebles y otros.<\/p>\n<p style=\"text-align: left;\"><a href=\"http:\/\/luismoving.ch\/es\/pick-up-de-meubles-ikea-pfister-conforama\/\" target=\"_self\" class=\"button color-9 small \" style=\"border-radius: 2px;\"><i class='fa fa-caret-right'><\/i>Descubrir<\/a>\n<\/p><\/div><\/div>[\/vc_column][vc_column width=\u00bb1\/4&#8243;]<div onclick=\"location.href='http:\/\/luismoving.ch\/es\/montage-de-meubles-geneve-suisse-romande\/';\" style=\"cursor:pointer;\"><div class=\"iconbox  wpb_content_element iconbox-style-3 icon-color-accent color-dark\"><i class=\"fa fa-wrench boxicon\" style=\"\"><\/i><h3>Montaje de muebles<\/h3><p>\n<p style=\"text-align: left;\">Como empresa de mudanza que somos, tenemos experiencia en montaje de todo tipo de muebles ikea, conforama, Pfister y otros.<\/p>\n<p style=\"text-align: left;\"><a href=\"http:\/\/luismoving.ch\/es\/montage-de-meubles-geneve-suisse-romande\/\" target=\"_self\" class=\"button color-9 small \" style=\"border-radius: 2px;\"><i class='fa fa-caret-right'><\/i>Descubrir<\/a>\n<\/p><\/div><\/div>[\/vc_column][\/vc_row][vc_row bg_color=\u00bb#ff871c\u00bb text_color=\u00bblight\u00bb top_padding=\u00bb50&#8243; bottom_padding=\u00bb40&#8243; bg_position=\u00bbleft top\u00bb][vc_column width=\u00bb1\/4&#8243;]<div class=\"counter clearfix wpb_content_element\"><div class=\"counter-number\" style=\"color: #ffffff !important;\">3800<\/div><span class=\"counter-title\">Clientes satisfechos<\/span><\/div>[\/vc_column][vc_column width=\u00bb1\/4&#8243;]<div class=\"counter clearfix wpb_content_element\"><div class=\"counter-number\" style=\"color: #ffffff !important;\">10<\/div><span class=\"counter-title\">a\u00f1os de experiencias<\/span><\/div>[\/vc_column][vc_column width=\u00bb1\/4&#8243;]<div class=\"counter clearfix wpb_content_element\"><div class=\"counter-number\" style=\"color: #ffffff !important;\">5<\/div><span class=\"counter-title\">veh\u00edculos a disposici\u00f3n<\/span><\/div>[\/vc_column][vc_column width=\u00bb1\/4&#8243;]<div class=\"counter clearfix wpb_content_element\"><div class=\"counter-number\" style=\"color: #ffffff !important;\">40<\/div><span class=\"counter-title\">pa\u00edses atendidos<\/span><\/div>[\/vc_column][\/vc_row][vc_row top_padding=\u00bb100&#8243; bottom_padding=\u00bb100&#8243;][vc_column width=\u00bb1\/1&#8243;]<h3 class=\"headline font-special fontsize-l fontweight-700 lh-inherit align-center transform-uppercase \" style=\"margin: 0 0 20px 0;\">Nuestros clientes nos adoran, es por eso que usted va a adorarnos tambi\u00e9n.<\/h3><div class=\"testimonial-slider-wrap wpb_content_element\"><div class=\"testimonial-slide\">Yo recomiendo fuertemente a Luis y su equipo para su mudanza o transporte, yo utiliz\u00f3 sus servicios desde hace 6 a\u00f1os y cada vez el servicio es excepcional y perfecto. Los muebles son entregados montados y a la hora y el material de embalaje retirado. Siempre tratan los muebles con cuidado y profesionalismo. Luis es eficaz, profesional y una persona de confianza. El brinda un trabajo de gran calidad por el precio.<span>&#45; Lo S, 22 de junio 2016, glocals.com<\/span><\/div><div class=\"testimonial-slide\">Luis Moving nos an ayudado a mover algunos muebles. Luis y su equipo an realizado un trabajo perfecto. Ellos respondieron a mi primera llamada por tel\u00e9fono y despu\u00e9s todo fue organizado r\u00e1pidamente por email. Ellos estuvieron a la hora el d\u00eda de la mudanza, trabajaron r\u00e1pidamente, eficazmente y profesionalmente. Totalmente honestos, trabajadores y simp\u00e1ticos. Yo les puedo recomendar al 100%<span>&#45; mcd68, 29 de marzo 2016, glocals.com <\/span><\/div><div class=\"testimonial-slide\">Nosotros somos internacionales y nos hemos mudado numerosas veces en los \u00faltimos 20 a\u00f1os. Luis Moving Services es la mejor empresa que nosotros hemos contratado. Ellos son eficaces y muy buena calidad y precio, son puntuales, son muy cuidadosos con los muebles mismo las piezas complicadas, ellos an realizado peque\u00f1as y grandes mudanzas para nosotros. Ellos no son solo excelentes en su dominio, ellos se pueden comunicar en franc\u00e9s, espa\u00f1ol, ingles. En fin son muy simp\u00e1ticos agradables para trabajar, flexibles y se adaptan. Usted no va a encontrar una mejor empresa. No busque mas lejos.<span>&#45; Judy Q, 20 de junio 2016, glocals.com<\/span><\/div><div class=\"testimonial-slide\">Yo recientemente me e mudado a mi nuevo apartamento. Una respuesta r\u00e1pida con buenos consejos y una tarifa clara. El d\u00eda de la mudanza todo paso muy bien. Buena calidad y precio y nada de malas sorpresas a la hora de recibir la factura. Excelente servicio de todos. Yo recomiendo vivamente Luis y su equipo.<span>&#45; Catarina M, 2 de diciembre 2015, glocals.com<\/span><\/div><div class=\"testimonial-slide\">Luis and his team are AMAZING!!!&lt;\/p&gt;\n&lt;p&gt;A few days ago Luis and his team moved all of our belongings from our old apartment to our new house.&lt;\/p&gt;\n&lt;p&gt;Right from the start, Luis was very responsive &amp; professional.&lt;\/p&gt;\n&lt;p&gt;A few weeks before our move Luis came to our apartment, explained the process to us, went over all our things and sent us a quote (which was much more attractive than all the other quotes we received).&lt;\/p&gt;\n&lt;p&gt;He then answered all my questions quickly and clearly, which to me is very important.&lt;\/p&gt;\n&lt;p&gt;On the day of our move Luis and team showed up on time and worked like pros:&lt;br \/&gt;\n- Packed all our stuff into boxes&lt;br \/&gt;\n- Dismantled the larger furniture&lt;br \/&gt;\n- Packed everything into their trucks and took it to our new home&lt;br \/&gt;\n- Re-built the furniture&lt;br \/&gt;\n- Placed all the boxes in the correct rooms&lt;\/p&gt;\n&lt;p&gt;Despite facing some unexpected issues (broken elevator, narrow staircase etc) Luis and his team never complained and didn\u2019t ask for more money than the original quote and they kept a positive attitude throughout.&lt;\/p&gt;\n&lt;p&gt;Nothing was broken or damaged and they even helped me get rid of some stuff.&lt;\/p&gt;\n&lt;p&gt;Moving is always stressful but Luis and his team really helped make it more pleasant and I whole heatedly recommend them for any move.&lt;\/p&gt;\n&lt;p&gt;Thanks a lot Luis &amp; co&lt;\/p&gt;\n&lt;p&gt;Oded<span>&#45; <\/span><\/div><div class=\"testimonial-slide\">Today Luis and his team moved our family&#039;s belongings. The process from start to finish was excellent. Prior to the move Luis came to take an assessment and discuss our requirements after which he gave a reasonable quote. Regarding the actual move, he and his team arrived promptly, worked efficiently and were extremely careful with our belongings. They were professional and actually made the move seem quite easy! Luis himself was kind and very helpful. We would not hesitate to recommend Luis Moving Service and to use his service again. Thanks Luis.<span>&#45; <\/span><\/div><\/div>[\/vc_column][\/vc_row][vc_row][vc_column][vc_column_text]<\/p>\n<p>[\/vc_column_text][\/vc_column][\/vc_row][vc_row][vc_column width=\u00bb1\/2&#8243;]<h1 class=\"headline font-inherit fontsize-l fontweight-inherit lh-inherit align-left transform-inherit \" style=\"margin: 0 0 20px 0; color: #dd9933;\">\u00bfFeliz con nuestro servicio?<\/h1>[vc_column_text]Escribe una rese\u00f1a independiente buscando <a href=\"https:\/\/www.google.ch\/search?q=luis+moving+geneva\" target=\"_blank\" rel=\"noopener\">\u00abLuis moving Geneva\u00bb<\/a> en Google y haciendo clic en<strong> \u00a1Escribe una rese\u00f1a!<\/strong>[\/vc_column_text]<div class=\"single_image wpb_content_element align-left   \" data-animation=\"none\" data-delay=\"0\"><a href=\"https:\/\/www.google.com\/search?q=Luis%20Moving%20%7C%20D%C3%A9m%C3%A9nagements%20%7C%20Geneva%209%2C%20Rue%20de%20Chantepoulet%20Gen%C3%A8ve&#038;ludocid=1285324717811319533&#038;hl=fr\" target=\"_blank\"><img loading=\"lazy\" decoding=\"async\" width=\"350\" height=\"727\" src=\"https:\/\/luismoving.ch\/wpmove\/wp-content\/uploads\/2016\/06\/google-explication.jpg\" class=\"attachment-full\" alt=\"Commentaires Google explication\" title=\"Commentaires Google explication\" srcset=\"https:\/\/luismoving.ch\/wpmove\/wp-content\/uploads\/2016\/06\/google-explication.jpg 350w, https:\/\/luismoving.ch\/wpmove\/wp-content\/uploads\/2016\/06\/google-explication-144x300.jpg 144w\" sizes=\"auto, (max-width: 350px) 100vw, 350px\" \/><\/a><\/div><a href=\"https:\/\/www.google.ch\/search?q=luis+moving+geneva\" target=\"_blank\" class=\"button button-appear color-3 full \" style=\"border-radius: 2px;\"><span>\u00a1Escribe una rese\u00f1a!<i class='fa fa-chevron-right'><\/i><\/span><\/a><div class=\"spacer\" style=\"height: 40px;\"><\/div>[\/vc_column][vc_column width=\u00bb1\/2&#8243;]<h1 class=\"headline font-inherit fontsize-l fontweight-inherit lh-inherit align-left transform-inherit \" style=\"margin: 0 0 20px 0; color: #dd9933;\">Encu\u00e9ntrenos en Facebook<\/h1>[vc_raw_html]JTNDZGl2JTIwY2xhc3MlM0QlMjJmYi1wYWdlJTIyJTIwZGF0YS1ocmVmJTNEJTIyaHR0cHMlM0ElMkYlMkZ3d3cuZmFjZWJvb2suY29tJTJGTHVpc01vdmluZyUyRiUyMiUyMGRhdGEtdGFicyUzRCUyMnRpbWVsaW5lJTIyJTIwZGF0YS1zbWFsbC1oZWFkZXIlM0QlMjJmYWxzZSUyMiUyMGRhdGEtYWRhcHQtY29udGFpbmVyLXdpZHRoJTNEJTIydHJ1ZSUyMiUyMGRhdGEtaGlkZS1jb3ZlciUzRCUyMmZhbHNlJTIyJTIwZGF0YS1zaG93LWZhY2VwaWxlJTNEJTIydHJ1ZSUyMiUzRSUzQ2Jsb2NrcXVvdGUlMjBjaXRlJTNEJTIyaHR0cHMlM0ElMkYlMkZ3d3cuZmFjZWJvb2suY29tJTJGTHVpc01vdmluZyUyRiUyMiUyMGNsYXNzJTNEJTIyZmIteGZibWwtcGFyc2UtaWdub3JlJTIyJTNFJTNDYSUyMGhyZWYlM0QlMjJodHRwcyUzQSUyRiUyRnd3dy5mYWNlYm9vay5jb20lMkZMdWlzTW92aW5nJTJGJTIyJTNFTHVpcyUyME1vdmluZyUyMFNlcnZpY2VzJTIwU3UlQzMlQTFyZXolM0MlMkZhJTNFJTNDJTJGYmxvY2txdW90ZSUzRSUzQyUyRmRpdiUzRQ==[\/vc_raw_html]<a href=\"https:\/\/www.facebook.com\/LuisMoving\/\" target=\"_blank\" class=\"button button-appear color-3 full \" style=\"border-radius: 2px;\"><span>Pagina de Facebook<i class='fa fa-chevron-right'><\/i><\/span><\/a>[\/vc_column][\/vc_row]<\/p>\n<\/div>","protected":false},"excerpt":{"rendered":"<p>[vc_row type=\u00bbfull_width_section\u00bb][vc_column width=\u00bb1\/1&#8243;][rev_slider_vc alias=\u00bbhome\u00bb][\/vc_column][\/vc_row][vc_row top_padding=\u00bb100&#8243; bottom_padding=\u00bb60&#8243; bg_position=\u00bbleft top\u00bb][vc_column width=\u00bb1\/1&#8243;][\/vc_column][\/vc_row][vc_row type=\u00bbfull_width_section\u00bb][vc_column width=\u00bb1\/1&#8243;][\/vc_column][\/vc_row][vc_row top_padding=\u00bb100&#8243; bottom_padding=\u00bb100&#8243; bg_position=\u00bbleft top\u00bb][vc_column width=\u00bb1\/4&#8243;][\/vc_column][vc_column width=\u00bb1\/4&#8243;][\/vc_column][vc_column width=\u00bb1\/4&#8243;][\/vc_column][vc_column width=\u00bb1\/4&#8243;][\/vc_column][\/vc_row][vc_row bg_color=\u00bb#ff871c\u00bb text_color=\u00bblight\u00bb top_padding=\u00bb50&#8243; bottom_padding=\u00bb40&#8243; bg_position=\u00bbleft top\u00bb][vc_column width=\u00bb1\/4&#8243;][\/vc_column][vc_column width=\u00bb1\/4&#8243;][\/vc_column][vc_column width=\u00bb1\/4&#8243;][\/vc_column][vc_column width=\u00bb1\/4&#8243;][\/vc_column][\/vc_row][vc_row top_padding=\u00bb100&#8243; bottom_padding=\u00bb100&#8243;][vc_column width=\u00bb1\/1&#8243;][\/vc_column][\/vc_row][vc_row][vc_column][vc_column_text] [\/vc_column_text][\/vc_column][\/vc_row][vc_row][vc_column width=\u00bb1\/2&#8243;][vc_column_text]Escribe una rese\u00f1a independiente buscando \u00abLuis moving Geneva\u00bb en Google y haciendo clic en \u00a1Escribe una rese\u00f1a![\/vc_column_text][\/vc_column][vc_column width=\u00bb1\/2&#8243;][vc_raw_html]JTNDZGl2JTIwY2xhc3MlM0QlMjJmYi1wYWdlJTIyJTIwZGF0YS1ocmVmJTNEJTIyaHR0cHMlM0ElMkYlMkZ3d3cuZmFjZWJvb2suY29tJTJGTHVpc01vdmluZyUyRiUyMiUyMGRhdGEtdGFicyUzRCUyMnRpbWVsaW5lJTIyJTIwZGF0YS1zbWFsbC1oZWFkZXIlM0QlMjJmYWxzZSUyMiUyMGRhdGEtYWRhcHQtY29udGFpbmVyLXdpZHRoJTNEJTIydHJ1ZSUyMiUyMGRhdGEtaGlkZS1jb3ZlciUzRCUyMmZhbHNlJTIyJTIwZGF0YS1zaG93LWZhY2VwaWxlJTNEJTIydHJ1ZSUyMiUzRSUzQ2Jsb2NrcXVvdGUlMjBjaXRlJTNEJTIyaHR0cHMlM0ElMkYlMkZ3d3cuZmFjZWJvb2suY29tJTJGTHVpc01vdmluZyUyRiUyMiUyMGNsYXNzJTNEJTIyZmIteGZibWwtcGFyc2UtaWdub3JlJTIyJTNFJTNDYSUyMGhyZWYlM0QlMjJodHRwcyUzQSUyRiUyRnd3dy5mYWNlYm9vay5jb20lMkZMdWlzTW92aW5nJTJGJTIyJTNFTHVpcyUyME1vdmluZyUyMFNlcnZpY2VzJTIwU3UlQzMlQTFyZXolM0MlMkZhJTNFJTNDJTJGYmxvY2txdW90ZSUzRSUzQyUyRmRpdiUzRQ==[\/vc_raw_html][\/vc_column][\/vc_row]<\/p>\n","protected":false},"author":1,"featured_media":0,"parent":0,"menu_order":0,"comment_status":"closed","ping_status":"closed","template":"","meta":{"footnotes":""},"class_list":["post-9","page","type-page","status-publish","hentry"],"_links":{"self":[{"href":"https:\/\/luismoving.ch\/es\/wp-json\/wp\/v2\/pages\/9","targetHints":{"allow":["GET"]}}],"collection":[{"href":"https:\/\/luismoving.ch\/es\/wp-json\/wp\/v2\/pages"}],"about":[{"href":"https:\/\/luismoving.ch\/es\/wp-json\/wp\/v2\/types\/page"}],"author":[{"embeddable":true,"href":"https:\/\/luismoving.ch\/es\/wp-json\/wp\/v2\/users\/1"}],"replies":[{"embeddable":true,"href":"https:\/\/luismoving.ch\/es\/wp-json\/wp\/v2\/comments?post=9"}],"version-history":[{"count":48,"href":"https:\/\/luismoving.ch\/es\/wp-json\/wp\/v2\/pages\/9\/revisions"}],"predecessor-version":[{"id":272,"href":"https:\/\/luismoving.ch\/es\/wp-json\/wp\/v2\/pages\/9\/revisions\/272"}],"wp:attachment":[{"href":"https:\/\/luismoving.ch\/es\/wp-json\/wp\/v2\/media?parent=9"}],"curies":[{"name":"wp","href":"https:\/\/api.w.org\/{rel}","templated":true}]}}